{"id":279,"date":"2018-06-30T13:15:15","date_gmt":"2018-06-30T11:15:15","guid":{"rendered":"http:\/\/alexandra-desnier.com\/catalog\/?post_type=product&#038;p=279"},"modified":"2020-08-07T14:25:16","modified_gmt":"2020-08-07T12:25:16","slug":"gemellaire","status":"publish","type":"product","link":"https:\/\/alexandra-desnier.com\/catalog\/index.php\/produit\/gemellaire\/","title":{"rendered":"G\u00e9mellaire"},"content":{"rendered":"","protected":false},"excerpt":{"rendered":"<p>Le corps est porteur de bien des maux, messagers privil\u00e9gi\u00e9s du subconscient. Alth\u00e9a le ressent au plus profond de sa chair, stigmatis\u00e9e par d\u2019\u00e9tranges h\u00e9matomes qui l\u2019endolorissent chaque jour un peu plus. Quelle faute expie-t-elle au travers de ces marques\u2026 et que penser de la relation malsaine qui lie Hayden et Sara, ses jumeaux\u2026<\/p>\n<p>L\u2019esprit est d\u00e9tenteur de bien des myst\u00e8res dont l\u2019existence ne doit rien au hasard. Nathaniel y puise son inspiration cr\u00e9atrice, celle qui le pousse \u00e0 s\u2019\u00e9lever chaque fois un peu plus au travers de ses meurtres. Il s\u2019abreuve de leur force, cette force ambivalente qui fait aussi de ses proies des \u00eatres fragiles\u00a0: leur g\u00e9mellit\u00e9.<\/p>\n<p>Deux \u00eatres, deux cheminements de vie qui vont se croiser\u2026pour le pire.<\/p>\n<p><span style=\"color: #cc99ff;\"><strong>ISBN : 979-1097433161<\/strong><\/span><\/p>\n<p>&nbsp;<\/p>\n[maxbutton id=\"2\" url=\"https:\/\/alexandra-desnier.com\/catalog\/index.php\/avis-gemellaire\/\" ]\n<p>&nbsp;<\/p>\n<p><img loading=\"lazy\" class=\"alignnone size-medium wp-image-489\" src=\"http:\/\/alexandra-desnier.com\/catalog\/wp-content\/uploads\/2020\/07\/payplug-300x167.png\" alt=\"\" width=\"300\" height=\"167\" srcset=\"https:\/\/alexandra-desnier.com\/catalog\/wp-content\/uploads\/2020\/07\/payplug-300x167.png 300w, https:\/\/alexandra-desnier.com\/catalog\/wp-content\/uploads\/2020\/07\/payplug-768x429.png 768w, https:\/\/alexandra-desnier.com\/catalog\/wp-content\/uploads\/2020\/07\/payplug-600x335.png 600w, https:\/\/alexandra-desnier.com\/catalog\/wp-content\/uploads\/2020\/07\/payplug.png 883w\" sizes=\"(max-width: 300px) 100vw, 300px\" \/><\/p>\n<p>&nbsp;<\/p>\n","protected":false},"featured_media":480,"comment_status":"closed","ping_status":"closed","template":"","meta":[],"aioseo_notices":[],"_links":{"self":[{"href":"https:\/\/alexandra-desnier.com\/catalog\/index.php\/wp-json\/wp\/v2\/product\/279"}],"collection":[{"href":"https:\/\/alexandra-desnier.com\/catalog\/index.php\/wp-json\/wp\/v2\/product"}],"about":[{"href":"https:\/\/alexandra-desnier.com\/catalog\/index.php\/wp-json\/wp\/v2\/types\/product"}],"replies":[{"embeddable":true,"href":"https:\/\/alexandra-desnier.com\/catalog\/index.php\/wp-json\/wp\/v2\/comments?post=279"}],"wp:featuredmedia":[{"embeddable":true,"href":"https:\/\/alexandra-desnier.com\/catalog\/index.php\/wp-json\/wp\/v2\/media\/480"}],"wp:attachment":[{"href":"https:\/\/alexandra-desnier.com\/catalog\/index.php\/wp-json\/wp\/v2\/media?parent=279"}],"curies":[{"name":"wp","href":"https:\/\/api.w.org\/{rel}","templated":true}]}}